{"id":3861,"date":"2020-10-09T03:47:34","date_gmt":"2020-10-09T01:47:34","guid":{"rendered":"https:\/\/www.walkingcadiz.com\/?page_id=3861"},"modified":"2020-10-09T03:49:54","modified_gmt":"2020-10-09T01:49:54","slug":"download-wandelgids-voor-espanje-lezers","status":"publish","type":"page","link":"https:\/\/www.walkingcadiz.com\/nl\/download-wandelgids-voor-espanje-lezers\/","title":{"rendered":"Download Wandelgids voor Espanje lezers"},"content":{"rendered":"[et_pb_section fb_built=&#8221;1&#8243; fullwidth=&#8221;on&#8221; _builder_version=&#8221;4.4.7&#8243; background_color=&#8221;#ff6633&#8243; background_enable_image=&#8221;off&#8221;][et_pb_fullwidth_header title=&#8221;Wandelgids C\u00e1diz voor Espanje lezers\/ Download&#8221; button_one_url=&#8221;https:\/\/www.walkingcadiz.com\/nl\/bestel-nu\/&#8221; background_overlay_color=&#8221;rgba(155,84,18,0.37)&#8221; _builder_version=&#8221;4.4.7&#8243; title_font=&#8221;Raleway|800|||||||&#8221; title_text_color=&#8221;#ffffff&#8221; background_color=&#8221;rgba(0,0,0,0)&#8221; custom_button_one=&#8221;on&#8221; button_one_text_color=&#8221;#ffffff&#8221; button_one_bg_color=&#8221;#ff6633&#8243; button_one_border_width=&#8221;0px&#8221; button_one_border_radius=&#8221;10px&#8221; button_one_font=&#8221;Raleway|800|||||||&#8221;][\/et_pb_fullwidth_header][\/et_pb_section][et_pb_section fb_built=&#8221;1&#8243; _builder_version=&#8221;4.4.7&#8243; custom_padding=&#8221;||0px|||&#8221;][et_pb_row _builder_version=&#8221;4.4.7&#8243;][et_pb_column type=&#8221;4_4&#8243; _builder_version=&#8221;4.4.7&#8243;][et_pb_text _builder_version=&#8221;4.4.7&#8243;]\n<h3>Bedankt voor je bestelling van de wandelgids C\u00e1diz!<\/h3>\n<p>De status is: Betaald<\/p>\n<p>Hierbij ontvang je de links naar alle versies die inbegrepen zijn:<\/p>\n<p>Deze links zijn ook per e-mail naar je verzonden.<\/p>\n<p>&nbsp;<\/p>\n<h3><span style=\"font-size: xx-large;\">Wandelen in C\u00e1diz Downloads<\/span><\/h3>\n<table class=\"yiv0260122386td\" border=\"1\" cellspacing=\"0\" cellpadding=\"6\">\n<thead>\n<tr>\n<th class=\"yiv0260122386td\" scope=\"col\">Product<\/th>\n<th scope=\"col\">No.<\/th>\n<th class=\"yiv0260122386td\" scope=\"col\">Download<\/th>\n<\/tr>\n<\/thead>\n<tbody>\n<tr>\n<td class=\"yiv0260122386td\">Wandelen in C\u00e1diz &#8211; Desktop versie<\/td>\n<td class=\"yiv0260122386td\">1<\/td>\n<td class=\"yiv0260122386td\"><a href=\"https:\/\/www.walkingcadiz.com\/wp-content\/uploads\/Wandelgids_Desktop.pdf\" target=\"_blank\" rel=\"nofollow noopener noreferrer\">Wandelen in C\u00e1diz Computer<\/a><\/td>\n<\/tr>\n<tr>\n<td class=\"yiv0260122386td\">Wandelen in C\u00e1diz &#8211; Tablet &amp; e-reader versie<\/td>\n<td class=\"yiv0260122386td\">1<\/td>\n<td class=\"yiv0260122386td\"><a href=\"https:\/\/www.walkingcadiz.com\/wp-content\/uploads\/Wandelgids_Tablet.pdf\" target=\"_blank\" rel=\"nofollow noopener noreferrer\">Wandelen in C\u00e1diz Tablet &amp; e-reader<\/a><\/td>\n<\/tr>\n<tr>\n<td class=\"yiv0260122386td\">Wandelen in C\u00e1diz\u00a0 &#8211; de losse wandelingen voor je smartphone<\/td>\n<td class=\"yiv0260122386td\">14<\/td>\n<td class=\"yiv0260122386td\">\n<p><strong>14 wandelingen voor Smartphone<\/strong><\/p>\n<p><a href=\"https:\/\/www.walkingcadiz.com\/wp-content\/uploads\/w1_Abejaruco_NL.pdf\" target=\"_blank\" rel=\"nofollow noopener noreferrer\">1. Abejaruco<\/a><br \/> <a href=\"https:\/\/www.walkingcadiz.com\/wp-content\/uploads\/w2_Acantilado_NL.pdf\">2. Alcantilado<\/a><br class=\"yiv0260122386\" \/><a href=\"https:\/\/www.walkingcadiz.com\/wp-content\/uploads\/2020\/07\/w3_Bartolome_NL.pdf\">3. Bartolom\u00e9<\/a><br class=\"yiv0260122386\" \/><a href=\"https:\/\/www.walkingcadiz.com\/wp-content\/uploads\/w4_Reginosa_NL.pdf\">4. Reginosa<\/a><br class=\"yiv0260122386\" \/><a href=\"https:\/\/www.walkingcadiz.com\/wp-content\/uploads\/w5_Gualdalmesi_NL.pdf\">5. Guadalmes\u00ed<\/a><br class=\"yiv0260122386\" \/><a href=\"https:\/\/www.walkingcadiz.com\/wp-content\/uploads\/w6_Valdeinfierno_NL.pdf\">6. Valdeinfierno<\/a><br class=\"yiv0260122386\" \/><a href=\"https:\/\/www.walkingcadiz.com\/wp-content\/uploads\/w7_Los_Molinos_NL.pdf\">7. Los Molinos<\/a><br class=\"yiv0260122386\" \/><a href=\"https:\/\/www.walkingcadiz.com\/wp-content\/uploads\/w8_Picacho_NL.pdf\">8. Picacho<\/a><br class=\"yiv0260122386\" \/><a href=\"https:\/\/www.walkingcadiz.com\/wp-content\/uploads\/w9_La_Laguna_NL.pdf\">9. La Laguna<\/a><br class=\"yiv0260122386\" \/><a href=\"https:\/\/www.walkingcadiz.com\/wp-content\/uploads\/w10_Penon_Grande_NL.pdf\">10. Pe\u00f1\u00f3n Grande<\/a><br class=\"yiv0260122386\" \/><a href=\"https:\/\/www.walkingcadiz.com\/wp-content\/uploads\/w11_Cerro_Coros_NL.pdf\">11. Cerro Coros<\/a><br class=\"yiv0260122386\" \/><a href=\"https:\/\/www.walkingcadiz.com\/wp-content\/uploads\/w12_Majaceite_NL.pdf\">12. R\u00edo Majaceite<\/a><br class=\"yiv0260122386\" \/><a href=\"https:\/\/www.walkingcadiz.com\/wp-content\/uploads\/w13_Cadiz_NL.pdf\">13. Stad C\u00e1diz<\/a><br class=\"yiv0260122386\" \/><a href=\"https:\/\/www.walkingcadiz.com\/wp-content\/uploads\/w14_Vejer_NL.pdf\">14. Vejer de la Frontera<\/a><\/p>\n<\/td>\n<\/tr>\n<\/tbody>\n<\/table>\n<div><\/div>\n<div>\n<div>\n<div>\n<p><strong><span style=\"color: #ff6600;\">We hopen dat je geniet van je wandelingen in C\u00e1diz!<\/span><\/strong><\/p>\n<\/div>\n<\/div>\n<\/div>\n[\/et_pb_text][et_pb_image src=&#8221;https:\/\/www.walkingcadiz.com\/wp-content\/uploads\/2020\/06\/Since2000Orange.png&#8221; title_text=&#8221;Since2000Orange&#8221; url=&#8221;https:\/\/www.ardanza.nl\/&#8221; url_new_window=&#8221;on&#8221; align=&#8221;center&#8221; _builder_version=&#8221;4.4.7&#8243; width=&#8221;26%&#8221;][\/et_pb_image][et_pb_text _builder_version=&#8221;4.4.7&#8243;]\n<h4>Contact<\/h4>\n<p>Ardanza Media<br \/>\nPO Box 1089<br \/>\n1400 BB Bussum<br \/>\nThe Netherlands<br \/>\nTel: +31 (0) 6 278 63 776<br \/>\n<a href=\"mailto:info@walkingcadiz.com\"> info@walkingcadiz.com<br \/>\n<\/a><a href=\"https:\/\/www.walkingcadiz.com\/nl\/\" target=\"_blank\" rel=\"noopener noreferrer\">walkingcadiz.com<\/a>[\/et_pb_text][et_pb_text _builder_version=&#8221;4.4.7&#8243;]\n<h4>Disclaimer<\/h4>\n<p>Het e-boek &#8220;Wandelen in C\u00e1diz&#8221; is met de grootst mogelijke zorg samengesteld. Ardanza Media is niet aansprakelijk voor schade of letsel als gevolg van onjuistheden. Deelname aan de wandelroutes beschreven in deze wandelgids is geheel op eigen risico.[\/et_pb_text][\/et_pb_column][\/et_pb_row][et_pb_row _builder_version=&#8221;4.4.7&#8243;][et_pb_column type=&#8221;4_4&#8243; _builder_version=&#8221;4.4.7&#8243;][et_pb_divider _builder_version=&#8221;4.4.7&#8243;][\/et_pb_divider][\/et_pb_column][\/et_pb_row][\/et_pb_section][et_pb_section fb_built=&#8221;1&#8243; _builder_version=&#8221;4.4.7&#8243; custom_padding=&#8221;1px|||||&#8221;][et_pb_row _builder_version=&#8221;4.4.7&#8243; custom_padding=&#8221;0px|||||&#8221; custom_width_px__hover=&#8221;1080px&#8221; custom_width_px__hover_enabled=&#8221;1080px&#8221; custom_width_percent__hover=&#8221;80%&#8221; custom_width_percent__hover_enabled=&#8221;80%&#8221; locked=&#8221;off&#8221; use_custom_width__hover=&#8221;off&#8221; use_custom_width__hover_enabled=&#8221;off&#8221; width_unit__hover=&#8221;on&#8221; width_unit__hover_enabled=&#8221;on&#8221; gutter_width__hover=&#8221;3&#8243; gutter_width__hover_enabled=&#8221;3&#8243; parallax_1__hover=&#8221;off&#8221; parallax_1__hover_enabled=&#8221;off&#8221; parallax_2__hover=&#8221;off&#8221; parallax_2__hover_enabled=&#8221;off&#8221; parallax_3__hover=&#8221;off&#8221; parallax_3__hover_enabled=&#8221;off&#8221; parallax_4__hover=&#8221;off&#8221; parallax_4__hover_enabled=&#8221;off&#8221; parallax_5__hover=&#8221;off&#8221; parallax_5__hover_enabled=&#8221;off&#8221; parallax_6__hover=&#8221;off&#8221; parallax_6__hover_enabled=&#8221;off&#8221; parallax_method_1__hover=&#8221;on&#8221; parallax_method_1__hover_enabled=&#8221;on&#8221; parallax_method_2__hover=&#8221;on&#8221; parallax_method_2__hover_enabled=&#8221;on&#8221; parallax_method_3__hover=&#8221;on&#8221; parallax_method_3__hover_enabled=&#8221;on&#8221; parallax_method_4__hover=&#8221;on&#8221; parallax_method_4__hover_enabled=&#8221;on&#8221; parallax_method_5__hover=&#8221;on&#8221; parallax_method_5__hover_enabled=&#8221;on&#8221; parallax_method_6__hover=&#8221;on&#8221; parallax_method_6__hover_enabled=&#8221;on&#8221; box_shadow_style__hover=&#8221;none&#8221; box_shadow_style__hover_enabled=&#8221;none&#8221; box_shadow_color__hover=&#8221;rgba(0,0,0,0.3)&#8221; box_shadow_color__hover_enabled=&#8221;rgba(0,0,0,0.3)&#8221; animation_style__hover=&#8221;none&#8221; animation_style__hover_enabled=&#8221;none&#8221; animation_direction__hover=&#8221;center&#8221; animation_direction__hover_enabled=&#8221;center&#8221; animation_intensity_fold__hover=&#8221;50%&#8221; animation_intensity_fold__hover_enabled=&#8221;50%&#8221; make_fullwidth__hover=&#8221;off&#8221; make_fullwidth__hover_enabled=&#8221;off&#8221; use_custom_gutter__hover=&#8221;off&#8221; use_custom_gutter__hover_enabled=&#8221;off&#8221; make_equal__hover=&#8221;off&#8221; make_equal__hover_enabled=&#8221;off&#8221; filter_hue_rotate__hover=&#8221;0deg&#8221; filter_hue_rotate__hover_enabled=&#8221;0deg&#8221; filter_saturate__hover=&#8221;100%&#8221; filter_saturate__hover_enabled=&#8221;100%&#8221; filter_brightness__hover=&#8221;100%&#8221; filter_brightness__hover_enabled=&#8221;100%&#8221; filter_contrast__hover=&#8221;100%&#8221; filter_contrast__hover_enabled=&#8221;100%&#8221; filter_invert__hover=&#8221;0%&#8221; filter_invert__hover_enabled=&#8221;0%&#8221; filter_sepia__hover=&#8221;0%&#8221; filter_sepia__hover_enabled=&#8221;0%&#8221; filter_opacity__hover=&#8221;100%&#8221; filter_opacity__hover_enabled=&#8221;100%&#8221; filter_blur__hover=&#8221;0px&#8221; filter_blur__hover_enabled=&#8221;0px&#8221; mix_blend_mode__hover=&#8221;normal&#8221; mix_blend_mode__hover_enabled=&#8221;normal&#8221; animation_repeat__hover=&#8221;once&#8221; animation_repeat__hover_enabled=&#8221;once&#8221; animation_duration__hover=&#8221;1000ms&#8221; animation_duration__hover_enabled=&#8221;1000ms&#8221; animation_delay__hover=&#8221;0ms&#8221; animation_delay__hover_enabled=&#8221;0ms&#8221; animation_intensity_slide__hover=&#8221;50%&#8221; animation_intensity_slide__hover_enabled=&#8221;50%&#8221; animation_intensity_zoom__hover=&#8221;50%&#8221; animation_intensity_zoom__hover_enabled=&#8221;50%&#8221; animation_intensity_flip__hover=&#8221;50%&#8221; animation_intensity_flip__hover_enabled=&#8221;50%&#8221; animation_intensity_roll__hover=&#8221;50%&#8221; animation_intensity_roll__hover_enabled=&#8221;50%&#8221; animation_starting_opacity__hover=&#8221;0%&#8221; animation_starting_opacity__hover_enabled=&#8221;0%&#8221; animation_speed_curve__hover=&#8221;ease-in-out&#8221; animation_speed_curve__hover_enabled=&#8221;ease-in-out&#8221; hover_transition_duration__hover=&#8221;300ms&#8221; hover_transition_duration__hover_enabled=&#8221;300ms&#8221; hover_transition_delay__hover=&#8221;0ms&#8221; hover_transition_delay__hover_enabled=&#8221;0ms&#8221; hover_transition_speed_curve__hover=&#8221;ease&#8221; hover_transition_speed_curve__hover_enabled=&#8221;ease&#8221;][et_pb_column type=&#8221;4_4&#8243; _builder_version=&#8221;3.25&#8243; custom_padding=&#8221;|||&#8221; custom_padding__hover=&#8221;|||&#8221;][et_pb_text _builder_version=&#8221;4.4.7&#8243; text_font=&#8221;Lato||||||||&#8221; text_text_color=&#8221;#e02b20&#8243; text_font_size=&#8221;16px&#8221; text_line_height=&#8221;2em&#8221; header_font=&#8221;||||||||&#8221; header_text_color=&#8221;#e02b20&#8243; header_2_font=&#8221;Rubik|700||on|||||&#8221; header_2_text_color=&#8221;#ff6633&#8243; header_2_font_size=&#8221;36px&#8221; header_2_letter_spacing=&#8221;1px&#8221; header_2_line_height=&#8221;1.3em&#8221; header_4_font=&#8221;||||||||&#8221; header_4_text_color=&#8221;#ff6633&#8243; header_4_font_size=&#8221;21px&#8221; background_layout=&#8221;dark&#8221; header_2_font_size_tablet=&#8221;34px&#8221; header_2_font_size_phone=&#8221;24px&#8221; header_2_font_size_last_edited=&#8221;on|phone&#8221; locked=&#8221;off&#8221; header_font_size__hover=&#8221;30px&#8221; header_font_size__hover_enabled=&#8221;30px&#8221; header_letter_spacing__hover=&#8221;0px&#8221; header_letter_spacing__hover_enabled=&#8221;0px&#8221; header_text_shadow_style__hover=&#8221;none&#8221; header_text_shadow_style__hover_enabled=&#8221;none&#8221; header_text_shadow_color__hover=&#8221;rgba(0,0,0,0.4)&#8221; header_text_shadow_color__hover_enabled=&#8221;rgba(0,0,0,0.4)&#8221;]\n<h2>Hou me op de hoogte!<\/h2>\n<h4>Schrijf je hier in voor updates en nieuwe wandelingen <span style=\"text-decoration: underline;\"><a href=\"mailto:info@walkingcadiz.com\">info@walkingcadiz.com<\/a><\/span><\/h4>\n[\/et_pb_text][et_pb_contact_form captcha=&#8221;off&#8221; email=&#8221;info@walkingcadiz.com&#8221; success_message=&#8221;Bedankt voor je aanmelding!&#8221; submit_button_text=&#8221;Stuur&#8221; _builder_version=&#8221;4.4.7&#8243; form_field_background_color=&#8221;#ffffff&#8221; form_field_text_color=&#8221;rgba(255,52,7,0.8)&#8221; form_field_font=&#8221;|||on|||||&#8221; custom_button=&#8221;on&#8221; button_text_size=&#8221;16px&#8221; button_text_color=&#8221;#ffffff&#8221; button_bg_color=&#8221;#ff6633&#8243; button_border_radius=&#8221;8px&#8221; button_font=&#8221;|||on|||||&#8221; custom_margin=&#8221;||-2px|||&#8221; custom_padding=&#8221;||0px|||&#8221; border_radii=&#8221;on|8px|8px|8px|8px&#8221; border_width_all=&#8221;2px&#8221; border_color_all=&#8221;#ff3407&#8243; border_style_all=&#8221;dotted&#8221;][et_pb_contact_field field_id=&#8221;Name&#8221; field_title=&#8221;Naam&#8221; _builder_version=&#8221;3.16&#8243; button_text_size__hover_enabled=&#8221;off&#8221; button_one_text_size__hover_enabled=&#8221;off&#8221; button_two_text_size__hover_enabled=&#8221;off&#8221; button_text_color__hover_enabled=&#8221;off&#8221; button_one_text_color__hover_enabled=&#8221;off&#8221; button_two_text_color__hover_enabled=&#8221;off&#8221; button_border_width__hover_enabled=&#8221;off&#8221; button_one_border_width__hover_enabled=&#8221;off&#8221; button_two_border_width__hover_enabled=&#8221;off&#8221; button_border_color__hover_enabled=&#8221;off&#8221; button_one_border_color__hover_enabled=&#8221;off&#8221; button_two_border_color__hover_enabled=&#8221;off&#8221; button_border_radius__hover_enabled=&#8221;off&#8221; button_one_border_radius__hover_enabled=&#8221;off&#8221; button_two_border_radius__hover_enabled=&#8221;off&#8221; button_letter_spacing__hover_enabled=&#8221;off&#8221; button_one_letter_spacing__hover_enabled=&#8221;off&#8221; button_two_letter_spacing__hover_enabled=&#8221;off&#8221; button_bg_color__hover_enabled=&#8221;off&#8221; button_one_bg_color__hover_enabled=&#8221;off&#8221; button_two_bg_color__hover_enabled=&#8221;off&#8221;][\/et_pb_contact_field][et_pb_contact_field field_id=&#8221;Email&#8221; field_title=&#8221;E-mail &#8221; field_type=&#8221;email&#8221; _builder_version=&#8221;3.16&#8243; button_text_size__hover_enabled=&#8221;off&#8221; button_one_text_size__hover_enabled=&#8221;off&#8221; button_two_text_size__hover_enabled=&#8221;off&#8221; button_text_color__hover_enabled=&#8221;off&#8221; button_one_text_color__hover_enabled=&#8221;off&#8221; button_two_text_color__hover_enabled=&#8221;off&#8221; button_border_width__hover_enabled=&#8221;off&#8221; button_one_border_width__hover_enabled=&#8221;off&#8221; button_two_border_width__hover_enabled=&#8221;off&#8221; button_border_color__hover_enabled=&#8221;off&#8221; button_one_border_color__hover_enabled=&#8221;off&#8221; button_two_border_color__hover_enabled=&#8221;off&#8221; button_border_radius__hover_enabled=&#8221;off&#8221; button_one_border_radius__hover_enabled=&#8221;off&#8221; button_two_border_radius__hover_enabled=&#8221;off&#8221; button_letter_spacing__hover_enabled=&#8221;off&#8221; button_one_letter_spacing__hover_enabled=&#8221;off&#8221; button_two_letter_spacing__hover_enabled=&#8221;off&#8221; button_bg_color__hover_enabled=&#8221;off&#8221; button_one_bg_color__hover_enabled=&#8221;off&#8221; button_two_bg_color__hover_enabled=&#8221;off&#8221;][\/et_pb_contact_field][\/et_pb_contact_form][et_pb_text _builder_version=&#8221;4.4.7&#8243; text_font=&#8221;Lato||||||||&#8221; text_text_color=&#8221;#e02b20&#8243; text_font_size=&#8221;16px&#8221; text_line_height=&#8221;2em&#8221; header_font=&#8221;||||||||&#8221; header_text_color=&#8221;#e02b20&#8243; header_2_font=&#8221;Rubik|700||on|||||&#8221; header_2_text_color=&#8221;#e02b20&#8243; header_2_font_size=&#8221;44px&#8221; header_2_letter_spacing=&#8221;1px&#8221; header_2_line_height=&#8221;1.3em&#8221; header_4_font=&#8221;||||||||&#8221; header_4_text_color=&#8221;#ff6633&#8243; header_4_font_size=&#8221;21px&#8221; background_layout=&#8221;dark&#8221; custom_margin=&#8221;||10px|||&#8221; header_2_font_size_tablet=&#8221;34px&#8221; header_2_font_size_phone=&#8221;24px&#8221; header_2_font_size_last_edited=&#8221;on|phone&#8221; locked=&#8221;off&#8221; header_font_size__hover=&#8221;30px&#8221; header_font_size__hover_enabled=&#8221;30px&#8221; header_letter_spacing__hover=&#8221;0px&#8221; header_letter_spacing__hover_enabled=&#8221;0px&#8221; header_text_shadow_style__hover=&#8221;none&#8221; header_text_shadow_style__hover_enabled=&#8221;none&#8221; header_text_shadow_color__hover=&#8221;rgba(0,0,0,0.4)&#8221; header_text_shadow_color__hover_enabled=&#8221;rgba(0,0,0,0.4)&#8221;]\n<h4>Volg ons op sociale media:<\/h4>\n[\/et_pb_text][et_pb_social_media_follow icon_color=&#8221;#ffffff&#8221; use_icon_font_size=&#8221;on&#8221; icon_font_size=&#8221;25px&#8221; _builder_version=&#8221;4.4.7&#8243;][et_pb_social_media_follow_network social_network=&#8221;facebook&#8221; url=&#8221;https:\/\/www.facebook.com\/walkingcadiz\/&#8221; _builder_version=&#8221;4.4.7&#8243; background_color=&#8221;rgba(0,0,0,0.51)&#8221; background_enable_color=&#8221;on&#8221; follow_button=&#8221;off&#8221; url_new_window=&#8221;on&#8221;]facebook[\/et_pb_social_media_follow_network][et_pb_social_media_follow_network social_network=&#8221;instagram&#8221; url=&#8221;https:\/\/www.instagram.com\/walkingcadiz\/&#8221; _builder_version=&#8221;4.4.7&#8243; background_color=&#8221;rgba(0,0,0,0.51)&#8221; background_enable_color=&#8221;on&#8221; follow_button=&#8221;off&#8221; url_new_window=&#8221;on&#8221;]instagram[\/et_pb_social_media_follow_network][\/et_pb_social_media_follow][\/et_pb_column][\/et_pb_row][\/et_pb_section]\n","protected":false},"excerpt":{"rendered":"<p>Bedankt voor je bestelling van de wandelgids C\u00e1diz! De status is: Betaald Hierbij ontvang je de links naar alle versies die inbegrepen zijn: Deze links zijn ook per e-mail naar je verzonden. &nbsp; Wandelen in C\u00e1diz Downloads Product No. Download Wandelen in C\u00e1diz &#8211; Desktop versie 1 Wandelen in C\u00e1diz Computer Wandelen in C\u00e1diz &#8211; [&hellip;]<\/p>\n","protected":false},"author":1,"featured_media":0,"parent":0,"menu_order":0,"comment_status":"closed","ping_status":"closed","template":"","meta":{"_et_pb_use_builder":"on","_et_pb_old_content":"","_et_gb_content_width":"","_monsterinsights_skip_tracking":false,"_monsterinsights_sitenote_active":false,"_monsterinsights_sitenote_note":"","_monsterinsights_sitenote_category":0,"_uf_show_specific_survey":0,"_uf_disable_surveys":false,"footnotes":""},"class_list":["post-3861","page","type-page","status-publish","hentry"],"aioseo_notices":[],"_links":{"self":[{"href":"https:\/\/www.walkingcadiz.com\/nl\/wp-json\/wp\/v2\/pages\/3861","targetHints":{"allow":["GET"]}}],"collection":[{"href":"https:\/\/www.walkingcadiz.com\/nl\/wp-json\/wp\/v2\/pages"}],"about":[{"href":"https:\/\/www.walkingcadiz.com\/nl\/wp-json\/wp\/v2\/types\/page"}],"author":[{"embeddable":true,"href":"https:\/\/www.walkingcadiz.com\/nl\/wp-json\/wp\/v2\/users\/1"}],"replies":[{"embeddable":true,"href":"https:\/\/www.walkingcadiz.com\/nl\/wp-json\/wp\/v2\/comments?post=3861"}],"version-history":[{"count":10,"href":"https:\/\/www.walkingcadiz.com\/nl\/wp-json\/wp\/v2\/pages\/3861\/revisions"}],"predecessor-version":[{"id":3874,"href":"https:\/\/www.walkingcadiz.com\/nl\/wp-json\/wp\/v2\/pages\/3861\/revisions\/3874"}],"wp:attachment":[{"href":"https:\/\/www.walkingcadiz.com\/nl\/wp-json\/wp\/v2\/media?parent=3861"}],"curies":[{"name":"wp","href":"https:\/\/api.w.org\/{rel}","templated":true}]}}